{"id":20,"date":"2019-07-17T10:31:06","date_gmt":"2019-07-17T08:31:06","guid":{"rendered":"http:\/\/volfinger.fr\/?page_id=20"},"modified":"2021-04-29T14:06:03","modified_gmt":"2021-04-29T12:06:03","slug":"test","status":"publish","type":"page","link":"https:\/\/volfinger.fr\/index.php\/test\/","title":{"rendered":"PRESENTATION"},"content":{"rendered":"<div data-colibri-id=\"20-c1\" class=\"style-360 style-local-20-c1 position-relative\">\n  <!---->\n  <div data-colibri-component=\"section\" data-colibri-id=\"20-c2\" id=\"about-2\" class=\"h-section h-section-global-spacing d-flex align-items-lg-center align-items-md-center align-items-center style-372 style-local-20-c2 position-relative\">\n    <!---->\n    <!---->\n    <div class=\"h-section-grid-container h-section-boxed-container\">\n      <!---->\n      <div data-colibri-id=\"20-c3\" class=\"h-row-container gutters-row-lg-0 gutters-row-md-0 gutters-row-0 gutters-row-v-lg-0 gutters-row-v-md-0 gutters-row-v-0 style-373 style-local-20-c3 position-relative\">\n        <!---->\n        <div class=\"h-row justify-content-lg-center justify-content-md-center justify-content-center align-items-lg-stretch align-items-md-stretch align-items-stretch gutters-col-lg-0 gutters-col-md-0 gutters-col-0 gutters-col-v-lg-0 gutters-col-v-md-0 gutters-col-v-0\">\n          <!---->\n          <div class=\"h-column h-column-container d-flex h-col-lg-auto h-col-md-auto h-col-auto style-374-outer style-local-20-c4-outer\">\n            <div data-colibri-id=\"20-c4\" class=\"d-flex h-flex-basis h-column__inner h-ui-empty-state-container h-px-lg-0 h-px-md-0 h-px-0 v-inner-lg-0 v-inner-md-0 v-inner-0 style-374 style-local-20-c4 position-relative\">\n              <!---->\n              <!---->\n              <div class=\"w-100 h-y-container h-column__content h-column__v-align flex-basis-100\">\n                <!---->\n              <\/div>\n            <\/div>\n          <\/div>\n          <div class=\"h-column h-column-container d-flex h-col-lg-auto h-col-md-auto h-col-auto style-375-outer style-local-20-c5-outer\">\n            <div data-colibri-id=\"20-c5\" class=\"d-flex h-flex-basis h-column__inner h-px-lg-2 h-px-md-2 h-px-2 v-inner-lg-2 v-inner-md-2 v-inner-2 style-375 style-local-20-c5 position-relative\">\n              <!---->\n              <!---->\n              <div class=\"w-100 h-y-container h-column__content h-column__v-align flex-basis-100 align-self-lg-start align-self-md-start align-self-start\">\n                <!---->\n                <div data-colibri-id=\"20-c6\" class=\"h-text h-text-component style-378 style-local-20-c6 position-relative h-element\">\n                  <!---->\n                  <!---->\n                  <div class=\"\">\n                    <p>Ancien collaborateur de liquidateurs judiciaires pendant 20 ans, Ma\u00eetre Marc VOLFINGER s\u2019est install\u00e9 comme avocat en 2015 au sein du Barreau de Seine Saint Denis.<\/p>\n                    <p>Son exp\u00e9rience professionnelle lui permet de proposer aujourd\u2019hui un accompagnement personnalis\u00e9 et orient\u00e9 tout naturellement vers les proc\u00e9dures collectives et le droit des entreprises en difficult\u00e9s.<\/p>\n                    <p>Les dirigeants d\u2019entreprises peuvent b\u00e9n\u00e9ficier de sa connaissance pratique du droit des entreprises en difficult\u00e9s et de son environnement judiciaire et professionnel.<\/p>\n                    <p>Bien qu\u2019ax\u00e9 sur le droit et le contentieux de la liquidation judiciaire, son intervention s\u2019\u00e9tend aux mesures de pr\u00e9vention ainsi qu\u2019aux proc\u00e9dures de sauvegarde et de redressement judiciaire.<\/p>\n                    <p>Ces collaborations professionnelles significatives lui ont \u00e9galement permis d\u2019acqu\u00e9rir une pratique en droit des s\u00fbret\u00e9s, droit des soci\u00e9t\u00e9s et droit des affaires.<\/p>\n                  <\/div>\n                <\/div>\n              <\/div>\n            <\/div>\n          <\/div>\n        <\/div>\n      <\/div>\n    <\/div>\n  <\/div>\n<\/div>","protected":false},"excerpt":{"rendered":"<p>Ancien collaborateur de liquidateurs judiciaires pendant 20 ans, Ma\u00eetre Marc VOLFINGER s\u2019est install\u00e9 comme avocat en 2015 au sein du Barreau de Seine Saint Denis. Son exp\u00e9rience professionnelle lui permet de proposer aujourd\u2019hui un accompagnement personnalis\u00e9 et orient\u00e9 tout naturellement vers les proc\u00e9dures collectives et le droit des entreprises en difficult\u00e9s. Les dirigeants d\u2019entreprises peuvent [&hellip;]<\/p>\n","protected":false},"author":1,"featured_media":0,"parent":0,"menu_order":0,"comment_status":"closed","ping_status":"closed","template":"page-templates\/full-width-page.php","meta":[],"_links":{"self":[{"href":"https:\/\/volfinger.fr\/index.php\/wp-json\/wp\/v2\/pages\/20"}],"collection":[{"href":"https:\/\/volfinger.fr\/index.php\/wp-json\/wp\/v2\/pages"}],"about":[{"href":"https:\/\/volfinger.fr\/index.php\/wp-json\/wp\/v2\/types\/page"}],"author":[{"embeddable":true,"href":"https:\/\/volfinger.fr\/index.php\/wp-json\/wp\/v2\/users\/1"}],"replies":[{"embeddable":true,"href":"https:\/\/volfinger.fr\/index.php\/wp-json\/wp\/v2\/comments?post=20"}],"version-history":[{"count":20,"href":"https:\/\/volfinger.fr\/index.php\/wp-json\/wp\/v2\/pages\/20\/revisions"}],"predecessor-version":[{"id":484,"href":"https:\/\/volfinger.fr\/index.php\/wp-json\/wp\/v2\/pages\/20\/revisions\/484"}],"wp:attachment":[{"href":"https:\/\/volfinger.fr\/index.php\/wp-json\/wp\/v2\/media?parent=20"}],"curies":[{"name":"wp","href":"https:\/\/api.w.org\/{rel}","templated":true}]}}